{"id":949,"date":"2023-04-26T18:07:11","date_gmt":"2023-04-26T18:07:11","guid":{"rendered":"https:\/\/koolistuudio.ee\/?page_id=949"},"modified":"2024-08-22T20:29:59","modified_gmt":"2024-08-22T20:29:59","slug":"kontakt","status":"publish","type":"page","link":"https:\/\/koolistuudio.ee\/en\/kontakt\/","title":{"rendered":"Kontakt"},"content":{"rendered":"<div class=\"wpb-content-wrapper\"><div id=\"contacts\" data-vc-full-width=\"true\" data-vc-full-width-init=\"false\" data-vc-stretch-content=\"true\" class=\"vc_row wpb_row vc_row-fluid vc_row-no-padding vc_row-o-equal-height vc_row-o-content-middle vc_row-flex vc_row_1613929191\"><div class=\"wpb_animate_when_almost_visible wpb_fadeIn fadeIn wpb_column vc_column_container vc_col-sm-6 vc_column_shadow1 vc_column_166588916\"><div class=\"vc_column-inner vc_custom_1685776986695\"><div class=\"wpb_wrapper\" style=\"width: 100%; max-width: 730px;margin-left: 0; margin-right: auto;\">\r\n\r\n\t<div class=\"sh-heading sh-heading-style1\" id=\"heading-4qjBoKQxlX\">\r\n\t\t<h2 class=\"sh-heading-content size-custom\">\r\n\t\t\t<\/span>\n<span class=\"sh-heading-content size-l text-left\">KUS &amp; KUIDAS MEID LEIDA<\/span>\n<span>\t\t<\/h2>\r\n\t<\/div>\r\n\r\n            <style type=\"text\/css\">\r\n                @media (max-width: 1024px) {#heading-4qjBoKQxlX .sh-heading-content {font-size: 32px!important;}}#heading-4qjBoKQxlX .sh-heading-content {font-size: 60px;color: #363636;}            <\/style>\r\n        \r\n                            <style media=\"screen\">\r\n                    @media (max-width: 1025px) {\r\n                        .sh-empty-space-0waTS8E9yh {\r\n                            height: 20px!important;\r\n                        }\r\n                    }\r\n                <\/style>\r\n            \r\n            <div class=\"sh-empty-space vc_empty_space sh-empty-space-0waTS8E9yh\" style=\"height: 40px\">\r\n                <span class=\"vc_empty_space_inner\"><\/span>\r\n            <\/div>\r\n\r\n        \n\t<div class=\"wpb_text_column wpb_content_element\" >\n\t\t<div class=\"wpb_wrapper\">\n\t\t\t\n\t\t<\/div>\n\t<\/div>\n\r\n<div class=\"sh-iconbox sh-iconbox-style2 sh-iconbox-left improved-responsiveness\" id=\"iconbox-dvPzEjbV4U\">\r\n\t\r\n\t\t\t\t\t<div class=\"sh-iconbox-icon\">\r\n\t\t\t\t<div class=\"sh-iconbox-icon-shape sh-iconbox-square\">\r\n\t\t\t\t\t<i class=\"sh-iconbox-hover icon-location-pin\"><\/i>\r\n\r\n\t\t\t\t\t\t\t\t\t<\/div>\r\n\t\t\t<\/div>\r\n\t\t\r\n\t\t<div class=\"sh-iconbox-aside\">\r\n\t\t\t<div class=\"sh-iconbox-title\">\r\n\t\t\t\t\t\t\t\t\t<h3>Aadress<\/h3>\r\n\t\t\t\t\t\t\t<\/div>\r\n\t\t\t<div class=\"sh-iconbox-seperator\"><\/div>\r\n\t\t\t<div class=\"sh-iconbox-content\">\r\n\t\t\t\t<\/p>\n<p style=\"text-align: left;\">Tiigi 19, 50410 Tartu<\/p>\n<p>\t\t\t<\/div>\r\n\t\t<\/div>\r\n\r\n\t<\/div>\r\n            <style type=\"text\/css\">\r\n                #iconbox-dvPzEjbV4U .sh-iconbox-title h3 {color: #3a3a3a;font-size: 18px;}#iconbox-dvPzEjbV4U .sh-iconbox-hover {color: #f36347;}#iconbox-dvPzEjbV4U.sh-iconbox-style6 .sh-iconbox-hover {text-shadow: -3px 2px rgba(243,99,71,0.3);}#iconbox-dvPzEjbV4U .sh-iconbox-content {color: #606060;}#iconbox-dvPzEjbV4U:hover .sh-iconbox-hover {color: #7889c3;}            <\/style>\r\n        \r\n            \r\n            <div class=\"sh-empty-space vc_empty_space sh-empty-space-kTZcB2hu7x\" style=\"height: 20px\">\r\n                <span class=\"vc_empty_space_inner\"><\/span>\r\n            <\/div>\r\n\r\n        \r\n<div class=\"sh-iconbox sh-iconbox-style2 sh-iconbox-left improved-responsiveness\" id=\"iconbox-rQ9qjcCw4p\">\r\n\t\r\n\t\t\t\t\t<div class=\"sh-iconbox-icon\">\r\n\t\t\t\t<div class=\"sh-iconbox-icon-shape sh-iconbox-square\">\r\n\t\t\t\t\t<i class=\"sh-iconbox-hover icon-envelope\"><\/i>\r\n\r\n\t\t\t\t\t\t\t\t\t<\/div>\r\n\t\t\t<\/div>\r\n\t\t\r\n\t\t<div class=\"sh-iconbox-aside\">\r\n\t\t\t<div class=\"sh-iconbox-title\">\r\n\t\t\t\t\t\t\t\t\t<h3>Kirjuta<\/h3>\r\n\t\t\t\t\t\t\t<\/div>\r\n\t\t\t<div class=\"sh-iconbox-seperator\"><\/div>\r\n\t\t\t<div class=\"sh-iconbox-content\">\r\n\t\t\t\tinfo@koolistuudio.ee\t\t\t<\/div>\r\n\t\t<\/div>\r\n\r\n\t<\/div>\r\n            <style type=\"text\/css\">\r\n                #iconbox-rQ9qjcCw4p .sh-iconbox-title h3 {color: #3a3a3a;font-size: 18px;}#iconbox-rQ9qjcCw4p .sh-iconbox-hover {color: #ec823b;}#iconbox-rQ9qjcCw4p.sh-iconbox-style6 .sh-iconbox-hover {text-shadow: -3px 2px rgba(236,130,59,0.3);}#iconbox-rQ9qjcCw4p .sh-iconbox-content {color: #606060;}#iconbox-rQ9qjcCw4p:hover .sh-iconbox-hover {color: #7889c3;}            <\/style>\r\n        \r\n            \r\n            <div class=\"sh-empty-space vc_empty_space sh-empty-space-caf9KREn6D\" style=\"height: 20px\">\r\n                <span class=\"vc_empty_space_inner\"><\/span>\r\n            <\/div>\r\n\r\n        \r\n<div class=\"sh-iconbox sh-iconbox-style2 sh-iconbox-left improved-responsiveness\" id=\"iconbox-Qkuig45Oz2\">\r\n\t\r\n\t\t\t\t\t<div class=\"sh-iconbox-icon\">\r\n\t\t\t\t<div class=\"sh-iconbox-icon-shape sh-iconbox-square\">\r\n\t\t\t\t\t<i class=\"sh-iconbox-hover icon-phone\"><\/i>\r\n\r\n\t\t\t\t\t\t\t\t\t<\/div>\r\n\t\t\t<\/div>\r\n\t\t\r\n\t\t<div class=\"sh-iconbox-aside\">\r\n\t\t\t<div class=\"sh-iconbox-title\">\r\n\t\t\t\t\t\t\t\t\t<h3>Helista<\/h3>\r\n\t\t\t\t\t\t\t<\/div>\r\n\t\t\t<div class=\"sh-iconbox-seperator\"><\/div>\r\n\t\t\t<div class=\"sh-iconbox-content\">\r\n\t\t\t\t+372 525 6770\u00a0 \/\u00a0 +372 5679 0252\t\t\t<\/div>\r\n\t\t<\/div>\r\n\r\n\t<\/div>\r\n            <style type=\"text\/css\">\r\n                #iconbox-Qkuig45Oz2 .sh-iconbox-title h3 {color: #3a3a3a;font-size: 18px;}#iconbox-Qkuig45Oz2 .sh-iconbox-hover {color: #ec823b;}#iconbox-Qkuig45Oz2.sh-iconbox-style6 .sh-iconbox-hover {text-shadow: -3px 2px rgba(236,130,59,0.3);}#iconbox-Qkuig45Oz2 .sh-iconbox-content {color: #606060;}#iconbox-Qkuig45Oz2:hover .sh-iconbox-hover {color: #7889c3;}            <\/style>\r\n        <style type=\"text\/css\">@media (max-width: 800px) {.vc_column_166588916 > .vc_column-inner > .wpb_wrapper { margin-left: 0!important; margin-right: auto!important; }}@media (max-width: 800px) { .vc_column_166588916 > .vc_column-inner { padding: 70px 20px 70px 20px!important;}}<\/style><\/div><\/div><\/div><div class=\"wpb_column vc_column_container vc_col-sm-6\"><div class=\"vc_column-inner\"><div class=\"wpb_wrapper\"><div class=\"wpb_gmaps_widget wpb_content_element\"><div class=\"wpb_wrapper\"><div class=\"wpb_map_wraper\"><iframe src=\"https:\/\/snazzymaps.com\/embed\/521688\" width=\"100%\" height=\"600px\" style=\"border:none;\"><\/iframe><\/div><\/div><\/div><\/div><\/div><\/div><\/div><div class=\"vc_row-full-width vc_clearfix\"><\/div><div class=\"vc_row wpb_row vc_row-fluid vc_custom_1685776390476 vc_row-o-content-middle vc_row-flex vc_row_822560259\"><div class=\"wpb_column vc_column_container vc_col-sm-12\"><div class=\"vc_column-inner\"><div class=\"wpb_wrapper\">\r\n                            <style media=\"screen\">\r\n                    @media (max-width: 1025px) {\r\n                        .sh-empty-space-hg1K5MERpS {\r\n                            height: 40px!important;\r\n                        }\r\n                    }\r\n                <\/style>\r\n            \r\n            <div class=\"sh-empty-space vc_empty_space sh-empty-space-hg1K5MERpS\" style=\"height: 120px\">\r\n                <span class=\"vc_empty_space_inner\"><\/span>\r\n            <\/div>\r\n\r\n        \r\n\r\n\t<div class=\"sh-heading sh-heading-style1\" id=\"heading-XlvFLUrMuI\">\r\n\t\t<h2 class=\"sh-heading-content size-custom\">\r\n\t\t\t<\/span>\n<span class=\"sh-heading-content size-l text-left\" style=\"text-align: center;\">KIRJUTA MEILE<\/span>\n<span>\t\t<\/h2>\r\n\t<\/div>\r\n\r\n            <style type=\"text\/css\">\r\n                @media (max-width: 1024px) {#heading-XlvFLUrMuI .sh-heading-content {font-size: 24px!important;}}#heading-XlvFLUrMuI .sh-heading-content {font-size: 40px;color: #363636;}            <\/style>\r\n        \r\n            \r\n            <div class=\"sh-empty-space vc_empty_space sh-empty-space-HWlD59jwBO\" style=\"height: 10px\">\r\n                <span class=\"vc_empty_space_inner\"><\/span>\r\n            <\/div>\r\n\r\n        \r\n\r\n\t<div class=\"sh-heading sh-heading-style1\" id=\"heading-LNeF5a8dlA\">\r\n\t\t<h2 class=\"sh-heading-content size-custom\">\r\n\t\t\t<\/span>\n<span class=\"sh-heading-content size-l text-left\" style=\"text-align: center;\">J\u00e4ta oma andmed ja v\u00f5tame sinuga \u00fchendust!<\/span>\n<span>\t\t<\/h2>\r\n\t<\/div>\r\n\r\n            <style type=\"text\/css\">\r\n                @media (max-width: 1024px) {#heading-LNeF5a8dlA .sh-heading-content {font-size: 18px!important;}}#heading-LNeF5a8dlA .sh-heading-content {font-size: 22px;font-weight: 300!important;color: #363636;}            <\/style>\r\n        \r\n                            <style media=\"screen\">\r\n                    @media (max-width: 1025px) {\r\n                        .sh-empty-space-3KfESrnb1Y {\r\n                            height: 30px!important;\r\n                        }\r\n                    }\r\n                <\/style>\r\n            \r\n            <div class=\"sh-empty-space vc_empty_space sh-empty-space-3KfESrnb1Y\" style=\"height: 60px\">\r\n                <span class=\"vc_empty_space_inner\"><\/span>\r\n            <\/div>\r\n\r\n        \r\n            <style media=\"screen\">\r\n                                #cf7-1692 label {\r\n                    \r\n                    \r\n                                            font-weight: !important;\r\n                    \r\n                                    }\r\n\r\n\r\n\r\n\r\n                                #cf7-1692 input:not([type=\"submit\"]),\r\n                #cf7-1692 select,\r\n                #cf7-1692 textarea,\r\n                #cf7-1692 .SumoSelect > .CaptionCont {\r\n                    \r\n                    \r\n                    \r\n                    \r\n                    \r\n                    \r\n                    \r\n                    transition: 0.3s all ease-in-out;\r\n                }\r\n\r\n\r\n                #cf7-1692 input:not([type=\"submit\"]):hover,\r\n                #cf7-1692 select:hover,\r\n                #cf7-1692 textarea:hover {\r\n                    \r\n                    \r\n                                    }\r\n\r\n\r\n                #cf7-1692 input:not([type=\"submit\"]):focus,\r\n                #cf7-1692 select:focus,\r\n                #cf7-1692 textarea:focus {\r\n                    \r\n                    \r\n                                    }\r\n\r\n\r\n                \r\n\r\n                \r\n                                    #cf7-1692:not(.sh-cf7-layout-inline)  .wpcf7-form-control-wrap {\r\n                        \r\n                                            \t    margin-top: 5px!important;\r\n                                            }\r\n                \r\n\r\n\r\n\r\n                                #cf7-1692 .wpcf7-submit {\r\n\r\n                    \r\n                    \r\n                    \r\n                    \r\n                    \r\n                    \r\n                    \r\n                                            background-color: #7889c3!important;\r\n                    \r\n                    \r\n                                            text-transform: none;\r\n                    \r\n                                                                        border-color: rgba(0,0,0,0.01)!important;\r\n                        \r\n                        border-width: 2px;\r\n                        border-style: solid;\r\n                    \r\n                                    }\r\n\r\n\r\n                \r\n\r\n                                    #cf7-1692 .wpcf7-submit:hover,\r\n                    #cf7-1692 .wpcf7-submit:focus {\r\n                        \r\n                                                    background-color: #96aef2!important;\r\n                        \r\n                                                    border-color: rgba(0,0,0,0.01)!important;\r\n                                            }\r\n                \r\n\r\n                            <\/style>\r\n\r\n\r\n            <div id=\"cf7-1692\" class=\"sh-cf7 sh-cf7-wpbakery sh-cf7-style1 round sh-cf7-layout-default\">\r\n                \n<div class=\"wpcf7 no-js\" id=\"wpcf7-f1692-o1\" lang=\"en-US\" dir=\"ltr\" data-wpcf7-id=\"1692\">\n<div class=\"screen-reader-response\"><p role=\"status\" aria-live=\"polite\" aria-atomic=\"true\"><\/p> <ul><\/ul><\/div>\n<form action=\"\/en\/wp-json\/wp\/v2\/pages\/949#wpcf7-f1692-o1\" method=\"post\" class=\"wpcf7-form init\" aria-label=\"Contact form\" novalidate=\"novalidate\" data-status=\"init\" data-trp-original-action=\"\/en\/wp-json\/wp\/v2\/pages\/949#wpcf7-f1692-o1\">\n<fieldset class=\"hidden-fields-container\"><input type=\"hidden\" name=\"_wpcf7\" value=\"1692\" \/><input type=\"hidden\" name=\"_wpcf7_version\" value=\"6.1.4\" \/><input type=\"hidden\" name=\"_wpcf7_locale\" value=\"en_US\" \/><input type=\"hidden\" name=\"_wpcf7_unit_tag\" value=\"wpcf7-f1692-o1\" \/><input type=\"hidden\" name=\"_wpcf7_container_post\" value=\"0\" \/><input type=\"hidden\" name=\"_wpcf7_posted_data_hash\" value=\"\" \/>\n<\/fieldset>\n<div class=\"sh-cf7-body\"><div class=\"row\">\n\t<div class=\"col-md-6\">\n\t\t<p><label> Nimi <span class=\"cf7-required\"><\/span><br \/>\n<span class=\"wpcf7-form-control-wrap\" data-name=\"your-name\"><input size=\"40\" maxlength=\"400\" class=\"wpcf7-form-control wpcf7-text wpcf7-validates-as-required\" aria-required=\"true\" aria-invalid=\"false\" value=\"\" type=\"text\" name=\"your-name\" \/><\/span> <\/label>\n\t\t<\/p>\n\t<\/div>\n\t<div class=\"col-md-6\">\n\t\t<p><label> E-mail <span class=\"cf7-required\"><\/span><br \/>\n<span class=\"wpcf7-form-control-wrap\" data-name=\"your-email\"><input size=\"40\" maxlength=\"400\" class=\"wpcf7-form-control wpcf7-email wpcf7-validates-as-required wpcf7-text wpcf7-validates-as-email\" aria-required=\"true\" aria-invalid=\"false\" value=\"\" type=\"email\" name=\"your-email\" \/><\/span> <\/label>\n\t\t<\/p>\n\t<\/div>\n<\/div>\n<p><label> Telefon <span class=\"cf7-required\"><\/span><br \/>\n<span class=\"wpcf7-form-control-wrap\" data-name=\"tel\"><input size=\"40\" maxlength=\"400\" class=\"wpcf7-form-control wpcf7-tel wpcf7-validates-as-required wpcf7-text wpcf7-validates-as-tel\" aria-required=\"true\" aria-invalid=\"false\" value=\"\" type=\"tel\" name=\"tel\" \/><\/span> <\/label>\n<\/p>\n<p><label> S\u00f5num <span class=\"cf7-required\"><\/span><br \/>\n<span class=\"wpcf7-form-control-wrap\" data-name=\"your-message\"><textarea cols=\"40\" rows=\"10\" maxlength=\"2000\" class=\"wpcf7-form-control wpcf7-textarea\" aria-invalid=\"false\" name=\"your-message\"><\/textarea><\/span> <\/label>\n<\/p>\n<p><input class=\"wpcf7-form-control wpcf7-submit has-spinner\" type=\"submit\" value=\"SAADA\" \/>\n<\/p><\/div><p style=\"display: none !important;\" class=\"akismet-fields-container\" data-prefix=\"_wpcf7_ak_\"><label>&#916;<textarea name=\"_wpcf7_ak_hp_textarea\" cols=\"45\" rows=\"8\" maxlength=\"100\"><\/textarea><\/label><input type=\"hidden\" id=\"ak_js_1\" name=\"_wpcf7_ak_js\" value=\"171\"\/><script>document.getElementById( \"ak_js_1\" ).setAttribute( \"value\", ( new Date() ).getTime() );<\/script><\/p><div class=\"wpcf7-response-output\" aria-hidden=\"true\"><\/div>\n<input type=\"hidden\" name=\"trp-form-language\" value=\"en\"\/><\/form>\n<\/div>\n            <\/div>\r\n\r\n        \r\n            \r\n            <div class=\"sh-empty-space vc_empty_space sh-empty-space-Ne5rvjWboa\" style=\"height: 60px\">\r\n                <span class=\"vc_empty_space_inner\"><\/span>\r\n            <\/div>\r\n\r\n        <\/div><\/div><\/div><style type=\"text\/css\">@media (max-width: 800px) { #content .vc_row_822560259, .sh-footer-template .vc_row_822560259, .sh-header-template .vc_row_822560259 { padding: 0px 0px 0px 0px!important;}}<\/style><\/div>\n<\/div>","protected":false},"excerpt":{"rendered":"KUS &amp; KUIDAS MEID LEIDA Aadress Tiigi 19, 50410 Tartu Kirjuta info@koolistuudio.ee Helista +372 525 6770\u00a0 \/\u00a0 +372 5679 0252...","protected":false},"author":1,"featured_media":0,"parent":0,"menu_order":0,"comment_status":"closed","ping_status":"closed","template":"elementor_theme","meta":{"_acf_changed":false,"footnotes":""},"class_list":["post-949","page","type-page","status-publish","hentry"],"acf":[],"yoast_head":"<!-- This site is optimized with the Yoast SEO plugin v26.9 - https:\/\/yoast.com\/product\/yoast-seo-wordpress\/ -->\n<title>Kontakt - Koolistuudio<\/title>\n<meta name=\"description\" content=\"Rohkema info jaoks v\u00f5i pildistamise kokkuleppimiseks v\u00f5ta \u00fchendust! Kirjuta info@koolistuudio.ee v\u00f5i helista +372 525 6770 \/ +372 5679 0252\" \/>\n<meta name=\"robots\" content=\"index, follow, max-snippet:-1, max-image-preview:large, max-video-preview:-1\" \/>\n<link rel=\"canonical\" href=\"https:\/\/koolistuudio.ee\/en\/kontakt\/\" \/>\n<meta property=\"og:locale\" content=\"en_US\" \/>\n<meta property=\"og:type\" content=\"article\" \/>\n<meta property=\"og:title\" content=\"Kontakt - Koolistuudio\" \/>\n<meta property=\"og:description\" content=\"Rohkema info jaoks v\u00f5i pildistamise kokkuleppimiseks v\u00f5ta \u00fchendust! Kirjuta info@koolistuudio.ee v\u00f5i helista +372 525 6770 \/ +372 5679 0252\" \/>\n<meta property=\"og:url\" content=\"https:\/\/koolistuudio.ee\/en\/kontakt\/\" \/>\n<meta property=\"og:site_name\" content=\"Koolistuudio\" \/>\n<meta property=\"article:modified_time\" content=\"2024-08-22T20:29:59+00:00\" \/>\n<meta name=\"twitter:card\" content=\"summary_large_image\" \/>\n<meta name=\"twitter:label1\" content=\"Est. reading time\" \/>\n\t<meta name=\"twitter:data1\" content=\"1 minute\" \/>\n<script type=\"application\/ld+json\" class=\"yoast-schema-graph\">{\"@context\":\"https:\/\/schema.org\",\"@graph\":[{\"@type\":\"WebPage\",\"@id\":\"https:\/\/koolistuudio.ee\/kontakt\/\",\"url\":\"https:\/\/koolistuudio.ee\/kontakt\/\",\"name\":\"Kontakt - Koolistuudio\",\"isPartOf\":{\"@id\":\"https:\/\/koolistuudio.ee\/#website\"},\"datePublished\":\"2023-04-26T18:07:11+00:00\",\"dateModified\":\"2024-08-22T20:29:59+00:00\",\"description\":\"Rohkema info jaoks v\u00f5i pildistamise kokkuleppimiseks v\u00f5ta \u00fchendust! Kirjuta info@koolistuudio.ee v\u00f5i helista +372 525 6770 \/ +372 5679 0252\",\"breadcrumb\":{\"@id\":\"https:\/\/koolistuudio.ee\/kontakt\/#breadcrumb\"},\"inLanguage\":\"en-US\",\"potentialAction\":[{\"@type\":\"ReadAction\",\"target\":[\"https:\/\/koolistuudio.ee\/kontakt\/\"]}]},{\"@type\":\"BreadcrumbList\",\"@id\":\"https:\/\/koolistuudio.ee\/kontakt\/#breadcrumb\",\"itemListElement\":[{\"@type\":\"ListItem\",\"position\":1,\"name\":\"Home\",\"item\":\"https:\/\/koolistuudio.ee\/\"},{\"@type\":\"ListItem\",\"position\":2,\"name\":\"Kontakt\"}]},{\"@type\":\"WebSite\",\"@id\":\"https:\/\/koolistuudio.ee\/#website\",\"url\":\"https:\/\/koolistuudio.ee\/\",\"name\":\"Koolistuudio\",\"description\":\"Koolipildistamine\",\"potentialAction\":[{\"@type\":\"SearchAction\",\"target\":{\"@type\":\"EntryPoint\",\"urlTemplate\":\"https:\/\/koolistuudio.ee\/?s={search_term_string}\"},\"query-input\":{\"@type\":\"PropertyValueSpecification\",\"valueRequired\":true,\"valueName\":\"search_term_string\"}}],\"inLanguage\":\"en-US\"}]}<\/script>\n<!-- \/ Yoast SEO plugin. -->","yoast_head_json":{"title":"Kontakt - Koolistuudio","description":"Rohkema info jaoks v\u00f5i pildistamise kokkuleppimiseks v\u00f5ta \u00fchendust! Kirjuta info@koolistuudio.ee v\u00f5i helista +372 525 6770 \/ +372 5679 0252","robots":{"index":"index","follow":"follow","max-snippet":"max-snippet:-1","max-image-preview":"max-image-preview:large","max-video-preview":"max-video-preview:-1"},"canonical":"https:\/\/koolistuudio.ee\/en\/kontakt\/","og_locale":"en_US","og_type":"article","og_title":"Kontakt - Koolistuudio","og_description":"Rohkema info jaoks v\u00f5i pildistamise kokkuleppimiseks v\u00f5ta \u00fchendust! Kirjuta info@koolistuudio.ee v\u00f5i helista +372 525 6770 \/ +372 5679 0252","og_url":"https:\/\/koolistuudio.ee\/en\/kontakt\/","og_site_name":"Koolistuudio","article_modified_time":"2024-08-22T20:29:59+00:00","twitter_card":"summary_large_image","twitter_misc":{"Est. reading time":"1 minute"},"schema":{"@context":"https:\/\/schema.org","@graph":[{"@type":"WebPage","@id":"https:\/\/koolistuudio.ee\/kontakt\/","url":"https:\/\/koolistuudio.ee\/kontakt\/","name":"Kontakt - Koolistuudio","isPartOf":{"@id":"https:\/\/koolistuudio.ee\/#website"},"datePublished":"2023-04-26T18:07:11+00:00","dateModified":"2024-08-22T20:29:59+00:00","description":"Rohkema info jaoks v\u00f5i pildistamise kokkuleppimiseks v\u00f5ta \u00fchendust! Kirjuta info@koolistuudio.ee v\u00f5i helista +372 525 6770 \/ +372 5679 0252","breadcrumb":{"@id":"https:\/\/koolistuudio.ee\/kontakt\/#breadcrumb"},"inLanguage":"en-US","potentialAction":[{"@type":"ReadAction","target":["https:\/\/koolistuudio.ee\/kontakt\/"]}]},{"@type":"BreadcrumbList","@id":"https:\/\/koolistuudio.ee\/kontakt\/#breadcrumb","itemListElement":[{"@type":"ListItem","position":1,"name":"Home","item":"https:\/\/koolistuudio.ee\/"},{"@type":"ListItem","position":2,"name":"Kontakt"}]},{"@type":"WebSite","@id":"https:\/\/koolistuudio.ee\/#website","url":"https:\/\/koolistuudio.ee\/","name":"Koolistuudio","description":"Koolipildistamine","potentialAction":[{"@type":"SearchAction","target":{"@type":"EntryPoint","urlTemplate":"https:\/\/koolistuudio.ee\/?s={search_term_string}"},"query-input":{"@type":"PropertyValueSpecification","valueRequired":true,"valueName":"search_term_string"}}],"inLanguage":"en-US"}]}},"_links":{"self":[{"href":"https:\/\/koolistuudio.ee\/en\/wp-json\/wp\/v2\/pages\/949","targetHints":{"allow":["GET"]}}],"collection":[{"href":"https:\/\/koolistuudio.ee\/en\/wp-json\/wp\/v2\/pages"}],"about":[{"href":"https:\/\/koolistuudio.ee\/en\/wp-json\/wp\/v2\/types\/page"}],"author":[{"embeddable":true,"href":"https:\/\/koolistuudio.ee\/en\/wp-json\/wp\/v2\/users\/1"}],"replies":[{"embeddable":true,"href":"https:\/\/koolistuudio.ee\/en\/wp-json\/wp\/v2\/comments?post=949"}],"version-history":[{"count":108,"href":"https:\/\/koolistuudio.ee\/en\/wp-json\/wp\/v2\/pages\/949\/revisions"}],"predecessor-version":[{"id":2247,"href":"https:\/\/koolistuudio.ee\/en\/wp-json\/wp\/v2\/pages\/949\/revisions\/2247"}],"wp:attachment":[{"href":"https:\/\/koolistuudio.ee\/en\/wp-json\/wp\/v2\/media?parent=949"}],"curies":[{"name":"wp","href":"https:\/\/api.w.org\/{rel}","templated":true}]}}