{"id":1344,"date":"2023-05-08T18:57:20","date_gmt":"2023-05-08T18:57:20","guid":{"rendered":"https:\/\/koolistuudio.ee\/?page_id=1344"},"modified":"2025-08-24T15:19:02","modified_gmt":"2025-08-24T15:19:02","slug":"tellimine","status":"publish","type":"page","link":"https:\/\/koolistuudio.ee\/en\/tellimine\/","title":{"rendered":"Fotode tellimine"},"content":{"rendered":"<div class=\"wpb-content-wrapper\"><div data-vc-full-width=\"true\" data-vc-full-width-init=\"false\" data-vc-stretch-content=\"true\" data-jarallax data-speed=\"0.2\" class=\"vc_row wpb_row vc_row-fluid vc_custom_1683662545358 vc_row-has-fill vc_row_313888008 jarallax\"><div class=\"wpb_animate_when_almost_visible wpb_fadeInUp fadeInUp wpb_column vc_column_container vc_col-sm-12\"><div class=\"vc_column-inner\"><div class=\"wpb_wrapper\">\r\n                            <style media=\"screen\">\r\n                    @media (max-width: 1025px) {\r\n                        .sh-empty-space-cZpxEwP34n {\r\n                            height: 40px!important;\r\n                        }\r\n                    }\r\n                <\/style>\r\n            \r\n            <div class=\"sh-empty-space vc_empty_space sh-empty-space-cZpxEwP34n\" style=\"height: 100px\">\r\n                <span class=\"vc_empty_space_inner\"><\/span>\r\n            <\/div>\r\n\r\n        \r\n\r\n\t<div class=\"sh-heading sh-heading-style1\" id=\"heading-RnJbOISE7c\">\r\n\t\t<h2 class=\"sh-heading-content size-custom\">\r\n\t\t\t<\/span>\n<span style=\"text-align: center;\">FOTODE TELLIMINE<\/span>\n<span>\t\t<\/h2>\r\n\t<\/div>\r\n\r\n            <style type=\"text\/css\">\r\n                @media (max-width: 1024px) {#heading-RnJbOISE7c .sh-heading-content {font-size: 32px!important;}}#heading-RnJbOISE7c .sh-heading-content {font-size: 60px;color: #363636;}            <\/style>\r\n        \r\n            \r\n            <div class=\"sh-empty-space vc_empty_space sh-empty-space-1wR0CXU2Ea\" style=\"height: 60px\">\r\n                <span class=\"vc_empty_space_inner\"><\/span>\r\n            <\/div>\r\n\r\n        <div class=\"vc_row wpb_row vc_inner vc_row-fluid vc_custom_1756048740326 vc_row-has-fill vc_row_2011875391\" style=\"width: 100%; max-width: 840px;margin-left: auto; margin-right: auto;\"><div class=\"wpb_column vc_column_container vc_col-sm-12\"><div class=\"vc_column-inner\"><div class=\"wpb_wrapper\" style=\"width: 100%; max-width: 600px;margin-left: auto; margin-right: auto;\">\r\n<div id=\"text-block-av1eQr0ZnY\" class=\"sh-text-block\">\r\n\t<\/p>\n<p style=\"text-align: center;\">Piltide tellimine toimub Koolistuudio tellimiskeskkonnas.<\/p>\n<p><\/div>\r\n            <style type=\"text\/css\">\r\n                #text-block-av1eQr0ZnY {font-size: 18px;margin: 0px 0px 15px 0px;}#text-block-av1eQr0ZnY a:hover,#text-block-av1eQr0ZnY a:focus {color: #7889c3;}#text-block-av1eQr0ZnY p,#text-block-av1eQr0ZnY {line-height: 24px;}#text-block-av1eQr0ZnY .drop-cap {font-weight: bold;font-size: 50px;display: block;float: left;margin: 8px 10px 0 0;}#text-block-av1eQr0ZnY p {margin-bottom: 0;}            <\/style>\r\n        \r\n<div id=\"text-block-fLXbQPV84S\" class=\"sh-text-block\">\r\n\t<\/p>\n<p style=\"text-align: center;\">Lingi ja ligip\u00e4\u00e4sukoodi saad koolist v\u00f5i lasteaiast.<\/p>\n<p><\/div>\r\n            <style type=\"text\/css\">\r\n                #text-block-fLXbQPV84S {font-size: 18px;margin: 0px 0px 15px 0px;}#text-block-fLXbQPV84S a:hover,#text-block-fLXbQPV84S a:focus {color: #7889c3;}#text-block-fLXbQPV84S p,#text-block-fLXbQPV84S {line-height: 24px;}#text-block-fLXbQPV84S .drop-cap {font-weight: bold;font-size: 50px;display: block;float: left;margin: 8px 10px 0 0;}#text-block-fLXbQPV84S p {margin-bottom: 0;}            <\/style>\r\n        \r\n<div id=\"text-block-DH62XCByzK\" class=\"sh-text-block\">\r\n\t<\/p>\n<p style=\"text-align: center;\">Erinevate klasside pildid saab kombineerida \u00fcheks tellimuseks. Selleks vali \u00fche parooli all olevad pildid ja lisa ostukorvi. Seej\u00e4rel logi sisse teise parooliga ja vali sealt sobivad pildid. Ostukorv j\u00e4\u00e4b ka parooli vahetades alles.<\/p>\n<p><\/div>\r\n            <style type=\"text\/css\">\r\n                #text-block-DH62XCByzK {font-size: 18px;margin: 0px 0px 15px 0px;}#text-block-DH62XCByzK a:hover,#text-block-DH62XCByzK a:focus {color: #7889c3;}#text-block-DH62XCByzK p,#text-block-DH62XCByzK {line-height: 24px;}#text-block-DH62XCByzK .drop-cap {font-weight: bold;font-size: 50px;display: block;float: left;margin: 8px 10px 0 0;}#text-block-DH62XCByzK p {margin-bottom: 0;}            <\/style>\r\n        \r\n            \r\n            <div class=\"sh-empty-space vc_empty_space sh-empty-space-RYabPr8eWh\" style=\"height: 30px\">\r\n                <span class=\"vc_empty_space_inner\"><\/span>\r\n            <\/div>\r\n\r\n        \n\t<div class=\"wpb_text_column wpb_content_element\" >\n\t\t<div class=\"wpb_wrapper\">\n\t\t\t    <!-- Font Awesome CDN (vajalik ikoonide jaoks) -->\n<link rel=\"stylesheet\" href=\"https:\/\/cdnjs.cloudflare.com\/ajax\/libs\/font-awesome\/6.5.0\/css\/all.min.css\">\n\n<form method=\"post\" action=\"\" style=\"position: relative;\" data-trp-original-action=\"\">\n    <label for=\"gallery_password\" style=\"display: block; margin-bottom: 10px; font-size: 16px; color: #333; font-weight: 600;\">\n        Salas\u00f5na:\n    <\/label>\n    \n    <div style=\"position: relative; display: block; width: 100%;\">\n        <input \n            type=\"password\" \n            id=\"gallery_password\" \n            name=\"gallery_password\" \n            required placeholder=\"Palun sisesta parool siia\" \n            style=\"display: block; width: 100%; border-radius: 20px; cursor: pointer; padding-right: 40px;\"\n        >\n        \n        <!-- Silma ikoon -->\n        <i \n            id=\"toggle_password\" \n            class=\"fa-solid fa-eye\" \n            style=\"position: absolute; top: 50%; right: 12px; transform: translateY(-50%); cursor: pointer; font-size: 18px; color: #666;\">\n        <\/i>\n    <\/div>\n\n    <input \n        type=\"submit\" \n        value=\"SISESTA\" \n        style=\"display: block; width: 40%; padding: 10px 20px; margin-top: 15px; font-size: 16px; font-weight: 600; background-color: #7889c3; color: white; border: none; border-radius: 20px; cursor: pointer; text-align: center; transition: background-color 0.3s ease;\"\n        onmouseover=\"this.style.backgroundColor='#8e9cd1';\"\n        onmouseout=\"this.style.backgroundColor='#7889c3';\"\n    >\n<input type=\"hidden\" name=\"trp-form-language\" value=\"en\"\/><\/form>\n\n<script>\nconst togglePassword = document.getElementById(\"toggle_password\");\nconst passwordInput = document.getElementById(\"gallery_password\");\n\ntogglePassword.addEventListener(\"click\", () => {\n    const isPassword = passwordInput.type === \"password\";\n    passwordInput.type = isPassword ? \"text\" : \"password\";\n\n    \/\/ Muuda ikooni vastavalt olekule\n    togglePassword.classList.toggle(\"fa-eye\");\n    togglePassword.classList.toggle(\"fa-eye-slash\");\n});\n<\/script>\n\n\n    \n\n\t\t<\/div>\n\t<\/div>\n\r\n<div id=\"text-block-ZdMFlpcGjg\" class=\"sh-text-block\">\r\n\t<\/p>\n<p style=\"text-align: center;\">Probleemide korral v\u00f5ta \u00fchendust info@koolistuudio.ee<\/p>\n<p><\/div>\r\n            <style type=\"text\/css\">\r\n                #text-block-ZdMFlpcGjg {font-size: 18px;margin: 0px 0px 15px 0px;}#text-block-ZdMFlpcGjg a:hover,#text-block-ZdMFlpcGjg a:focus {color: #7889c3;}#text-block-ZdMFlpcGjg p,#text-block-ZdMFlpcGjg {line-height: 24px;}#text-block-ZdMFlpcGjg .drop-cap {font-weight: bold;font-size: 50px;display: block;float: left;margin: 8px 10px 0 0;}#text-block-ZdMFlpcGjg p {margin-bottom: 0;}            <\/style>\r\n        <\/div><\/div><\/div><\/div>\r\n            \r\n            <div class=\"sh-empty-space vc_empty_space sh-empty-space-1ERSHZKAaP\" style=\"height: 90px\">\r\n                <span class=\"vc_empty_space_inner\"><\/span>\r\n            <\/div>\r\n\r\n        <\/div><\/div><\/div><\/div><div class=\"vc_row-full-width vc_clearfix\"><\/div>\n<\/div>","protected":false},"excerpt":{"rendered":"FOTODE TELLIMINE Piltide tellimine toimub Koolistuudio tellimiskeskkonnas. Lingi ja ligip\u00e4\u00e4sukoodi saad koolist v\u00f5i lasteaiast. Erinevate klasside pildid saab kombineerida \u00fcheks...","protected":false},"author":1,"featured_media":0,"parent":0,"menu_order":0,"comment_status":"closed","ping_status":"closed","template":"","meta":{"_acf_changed":false,"footnotes":""},"class_list":["post-1344","page","type-page","status-publish","hentry"],"acf":[],"yoast_head":"<!-- This site is optimized with the Yoast SEO plugin v26.9 - https:\/\/yoast.com\/product\/yoast-seo-wordpress\/ -->\n<title>Fotode tellimine - Koolistuudio<\/title>\n<meta name=\"robots\" content=\"index, follow, max-snippet:-1, max-image-preview:large, max-video-preview:-1\" \/>\n<link rel=\"canonical\" href=\"https:\/\/koolistuudio.ee\/en\/tellimine\/\" \/>\n<meta property=\"og:locale\" content=\"en_US\" \/>\n<meta property=\"og:type\" content=\"article\" \/>\n<meta property=\"og:title\" content=\"Fotode tellimine - Koolistuudio\" \/>\n<meta property=\"og:url\" content=\"https:\/\/koolistuudio.ee\/en\/tellimine\/\" \/>\n<meta property=\"og:site_name\" content=\"Koolistuudio\" \/>\n<meta property=\"article:modified_time\" content=\"2025-08-24T15:19:02+00:00\" \/>\n<meta name=\"twitter:card\" content=\"summary_large_image\" \/>\n<meta name=\"twitter:label1\" content=\"Est. reading time\" \/>\n\t<meta name=\"twitter:data1\" content=\"1 minute\" \/>\n<script type=\"application\/ld+json\" class=\"yoast-schema-graph\">{\"@context\":\"https:\/\/schema.org\",\"@graph\":[{\"@type\":\"WebPage\",\"@id\":\"https:\/\/koolistuudio.ee\/tellimine\/\",\"url\":\"https:\/\/koolistuudio.ee\/tellimine\/\",\"name\":\"Fotode tellimine - Koolistuudio\",\"isPartOf\":{\"@id\":\"https:\/\/koolistuudio.ee\/#website\"},\"datePublished\":\"2023-05-08T18:57:20+00:00\",\"dateModified\":\"2025-08-24T15:19:02+00:00\",\"breadcrumb\":{\"@id\":\"https:\/\/koolistuudio.ee\/tellimine\/#breadcrumb\"},\"inLanguage\":\"en-US\",\"potentialAction\":[{\"@type\":\"ReadAction\",\"target\":[\"https:\/\/koolistuudio.ee\/tellimine\/\"]}]},{\"@type\":\"BreadcrumbList\",\"@id\":\"https:\/\/koolistuudio.ee\/tellimine\/#breadcrumb\",\"itemListElement\":[{\"@type\":\"ListItem\",\"position\":1,\"name\":\"Home\",\"item\":\"https:\/\/koolistuudio.ee\/\"},{\"@type\":\"ListItem\",\"position\":2,\"name\":\"Fotode tellimine\"}]},{\"@type\":\"WebSite\",\"@id\":\"https:\/\/koolistuudio.ee\/#website\",\"url\":\"https:\/\/koolistuudio.ee\/\",\"name\":\"Koolistuudio\",\"description\":\"Koolipildistamine\",\"potentialAction\":[{\"@type\":\"SearchAction\",\"target\":{\"@type\":\"EntryPoint\",\"urlTemplate\":\"https:\/\/koolistuudio.ee\/?s={search_term_string}\"},\"query-input\":{\"@type\":\"PropertyValueSpecification\",\"valueRequired\":true,\"valueName\":\"search_term_string\"}}],\"inLanguage\":\"en-US\"}]}<\/script>\n<!-- \/ Yoast SEO plugin. -->","yoast_head_json":{"title":"Fotode tellimine - Koolistuudio","robots":{"index":"index","follow":"follow","max-snippet":"max-snippet:-1","max-image-preview":"max-image-preview:large","max-video-preview":"max-video-preview:-1"},"canonical":"https:\/\/koolistuudio.ee\/en\/tellimine\/","og_locale":"en_US","og_type":"article","og_title":"Fotode tellimine - Koolistuudio","og_url":"https:\/\/koolistuudio.ee\/en\/tellimine\/","og_site_name":"Koolistuudio","article_modified_time":"2025-08-24T15:19:02+00:00","twitter_card":"summary_large_image","twitter_misc":{"Est. reading time":"1 minute"},"schema":{"@context":"https:\/\/schema.org","@graph":[{"@type":"WebPage","@id":"https:\/\/koolistuudio.ee\/tellimine\/","url":"https:\/\/koolistuudio.ee\/tellimine\/","name":"Fotode tellimine - Koolistuudio","isPartOf":{"@id":"https:\/\/koolistuudio.ee\/#website"},"datePublished":"2023-05-08T18:57:20+00:00","dateModified":"2025-08-24T15:19:02+00:00","breadcrumb":{"@id":"https:\/\/koolistuudio.ee\/tellimine\/#breadcrumb"},"inLanguage":"en-US","potentialAction":[{"@type":"ReadAction","target":["https:\/\/koolistuudio.ee\/tellimine\/"]}]},{"@type":"BreadcrumbList","@id":"https:\/\/koolistuudio.ee\/tellimine\/#breadcrumb","itemListElement":[{"@type":"ListItem","position":1,"name":"Home","item":"https:\/\/koolistuudio.ee\/"},{"@type":"ListItem","position":2,"name":"Fotode tellimine"}]},{"@type":"WebSite","@id":"https:\/\/koolistuudio.ee\/#website","url":"https:\/\/koolistuudio.ee\/","name":"Koolistuudio","description":"Koolipildistamine","potentialAction":[{"@type":"SearchAction","target":{"@type":"EntryPoint","urlTemplate":"https:\/\/koolistuudio.ee\/?s={search_term_string}"},"query-input":{"@type":"PropertyValueSpecification","valueRequired":true,"valueName":"search_term_string"}}],"inLanguage":"en-US"}]}},"_links":{"self":[{"href":"https:\/\/koolistuudio.ee\/en\/wp-json\/wp\/v2\/pages\/1344","targetHints":{"allow":["GET"]}}],"collection":[{"href":"https:\/\/koolistuudio.ee\/en\/wp-json\/wp\/v2\/pages"}],"about":[{"href":"https:\/\/koolistuudio.ee\/en\/wp-json\/wp\/v2\/types\/page"}],"author":[{"embeddable":true,"href":"https:\/\/koolistuudio.ee\/en\/wp-json\/wp\/v2\/users\/1"}],"replies":[{"embeddable":true,"href":"https:\/\/koolistuudio.ee\/en\/wp-json\/wp\/v2\/comments?post=1344"}],"version-history":[{"count":50,"href":"https:\/\/koolistuudio.ee\/en\/wp-json\/wp\/v2\/pages\/1344\/revisions"}],"predecessor-version":[{"id":24683,"href":"https:\/\/koolistuudio.ee\/en\/wp-json\/wp\/v2\/pages\/1344\/revisions\/24683"}],"wp:attachment":[{"href":"https:\/\/koolistuudio.ee\/en\/wp-json\/wp\/v2\/media?parent=1344"}],"curies":[{"name":"wp","href":"https:\/\/api.w.org\/{rel}","templated":true}]}}